{"id":3510,"date":"2019-05-23T11:05:48","date_gmt":"2019-05-23T09:05:48","guid":{"rendered":"https:\/\/marana.be\/?page_id=3510"},"modified":"2019-05-23T11:05:51","modified_gmt":"2019-05-23T09:05:51","slug":"transport","status":"publish","type":"page","link":"https:\/\/marana.be\/fr\/transport\/","title":{"rendered":"Transport"},"content":{"rendered":"\t\t<div data-elementor-type=\"wp-post\" data-elementor-id=\"3510\" class=\"elementor elementor-3510\">\n\t\t\t\t\t\t<section class=\"elementor-section elementor-top-section elementor-element elementor-element-3269bf4 elementor-section-boxed elementor-section-height-default elementor-section-height-default\" data-id=\"3269bf4\" data-element_type=\"section\" data-e-type=\"section\">\n\t\t\t\t\t\t<div class=\"elementor-container elementor-column-gap-extended\">\n\t\t\t\t\t<div class=\"elementor-column elementor-col-100 elementor-top-column elementor-element elementor-element-bda2fd6 sc_layouts_column_icons_position_left\" data-id=\"bda2fd6\" data-element_type=\"column\" data-e-type=\"column\">\n\t\t\t<div class=\"elementor-widget-wrap elementor-element-populated\">\n\t\t\t\t\t\t<div class=\"elementor-element elementor-element-fa149ee elementor-widget elementor-widget-trx_sc_services\" data-id=\"fa149ee\" data-element_type=\"widget\" data-e-type=\"widget\" data-widget_type=\"trx_sc_services.default\">\n\t\t\t\t<div class=\"elementor-widget-container\">\n\t\t\t\t\t<div id=\"trx_sc_services_872900638\" class=\"sc_services color_style_default sc_services_default sc_services_featured_top\">\r\n\r\n<div class=\"sc_services_columns_wrap sc_item_columns sc_item_posts_container sc_item_columns_2 trx_addons_columns_wrap columns_padding_bottom\"><div class=\"trx_addons_column-1_2\"><div class=\"sc_services_item no_links with_content with_icon sc_services_item_featured_top with_bg_image trx_addons_inline_1150835566 post-3526 cpt_services type-cpt_services status-publish has-post-thumbnail hentry cpt_services_group-types-of-transport cpt_services_group-wat-doen-we\">\r\n\t<span class=\"sc_services_item_number\">01<\/span>\t\r\n\t<div class=\"sc_services_item_info\">\r\n\t\t<div class=\"sc_services_item_header\">\r\n\t\t\t<h4 class=\"sc_services_item_title\"><a href=\"https:\/\/marana.be\/fr\/services\/bois\/\">Bois<\/a><\/h4>\r\n\t\t\t<div class=\"sc_services_item_subtitle\"><a href=\"https:\/\/marana.be\/services_group\/types-of-transport\/\" title=\"View all posts in Types of transport\">Types of transport, <\/a><a href=\"https:\/\/marana.be\/services_group\/wat-doen-we\/\" title=\"View all posts in Wat doen we\">Wat doen we<\/a><\/div>\r\n\t\t<\/div>\r\n\t\t\t\t\t<div class=\"sc_services_item_content\">The industrial use of wood demands advanced...<\/div><div class=\"sc_services_item_button sc_item_button\"><a href=\"https:\/\/marana.be\/fr\/services\/bois\/\" class=\"sc_button sc_button_simple\">Lees meer<\/a><\/div><\/div>\r\n<\/div>\r\n<\/div><div class=\"trx_addons_column-1_2\"><div class=\"sc_services_item no_links with_content with_icon sc_services_item_featured_top with_bg_image trx_addons_inline_1236202762 post-3537 cpt_services type-cpt_services status-publish has-post-thumbnail hentry cpt_services_group-types-of-transport cpt_services_group-wat-doen-we\">\r\n\t<span class=\"sc_services_item_number\">02<\/span>\t\r\n\t<div class=\"sc_services_item_info\">\r\n\t\t<div class=\"sc_services_item_header\">\r\n\t\t\t<h4 class=\"sc_services_item_title\"><a href=\"https:\/\/marana.be\/fr\/services\/demenagement-industriel\/\">D\u00e9m\u00e9nagement Industriel<\/a><\/h4>\r\n\t\t\t<div class=\"sc_services_item_subtitle\"><a href=\"https:\/\/marana.be\/services_group\/types-of-transport\/\" title=\"View all posts in Types of transport\">Types of transport, <\/a><a href=\"https:\/\/marana.be\/services_group\/wat-doen-we\/\" title=\"View all posts in Wat doen we\">Wat doen we<\/a><\/div>\r\n\t\t<\/div>\r\n\t\t\t\t\t<div class=\"sc_services_item_content\">Faire fonctionner vos installations industrielles apr\u00e8s un...<\/div><div class=\"sc_services_item_button sc_item_button\"><a href=\"https:\/\/marana.be\/fr\/services\/demenagement-industriel\/\" class=\"sc_button sc_button_simple\">Lees meer<\/a><\/div><\/div>\r\n<\/div>\r\n<\/div><div class=\"trx_addons_column-1_2\"><div class=\"sc_services_item no_links with_content with_icon sc_services_item_featured_top with_bg_image trx_addons_inline_957575552 post-3542 cpt_services type-cpt_services status-publish has-post-thumbnail hentry cpt_services_group-types-of-transport cpt_services_group-wat-doen-we\">\r\n\t<span class=\"sc_services_item_number\">03<\/span>\t\r\n\t<div class=\"sc_services_item_info\">\r\n\t\t<div class=\"sc_services_item_header\">\r\n\t\t\t<h4 class=\"sc_services_item_title\"><a href=\"https:\/\/marana.be\/fr\/services\/acier\/\">Acier<\/a><\/h4>\r\n\t\t\t<div class=\"sc_services_item_subtitle\"><a href=\"https:\/\/marana.be\/services_group\/types-of-transport\/\" title=\"View all posts in Types of transport\">Types of transport, <\/a><a href=\"https:\/\/marana.be\/services_group\/wat-doen-we\/\" title=\"View all posts in Wat doen we\">Wat doen we<\/a><\/div>\r\n\t\t<\/div>\r\n\t\t\t\t\t<div class=\"sc_services_item_content\">Marana transporte de l'acier brut, de l'acier...<\/div><div class=\"sc_services_item_button sc_item_button\"><a href=\"https:\/\/marana.be\/fr\/services\/acier\/\" class=\"sc_button sc_button_simple\">Lees meer<\/a><\/div><\/div>\r\n<\/div>\r\n<\/div><div class=\"trx_addons_column-1_2\"><div class=\"sc_services_item no_links with_content with_icon sc_services_item_featured_top with_bg_image trx_addons_inline_1596108720 post-3547 cpt_services type-cpt_services status-publish has-post-thumbnail hentry cpt_services_group-types-of-transport cpt_services_group-wat-doen-we\">\r\n\t<span class=\"sc_services_item_number\">04<\/span>\t\r\n\t<div class=\"sc_services_item_info\">\r\n\t\t<div class=\"sc_services_item_header\">\r\n\t\t\t<h4 class=\"sc_services_item_title\"><a href=\"https:\/\/marana.be\/fr\/services\/automobile\/\">Automobile<\/a><\/h4>\r\n\t\t\t<div class=\"sc_services_item_subtitle\"><a href=\"https:\/\/marana.be\/services_group\/types-of-transport\/\" title=\"View all posts in Types of transport\">Types of transport, <\/a><a href=\"https:\/\/marana.be\/services_group\/wat-doen-we\/\" title=\"View all posts in Wat doen we\">Wat doen we<\/a><\/div>\r\n\t\t<\/div>\r\n\t\t\t\t\t<div class=\"sc_services_item_content\">En raison de la transformation num\u00e9rique et...<\/div><div class=\"sc_services_item_button sc_item_button\"><a href=\"https:\/\/marana.be\/fr\/services\/automobile\/\" class=\"sc_button sc_button_simple\">Lees meer<\/a><\/div><\/div>\r\n<\/div>\r\n<\/div><div class=\"trx_addons_column-1_2\"><div class=\"sc_services_item no_links with_content with_icon sc_services_item_featured_top with_bg_image trx_addons_inline_584111968 post-3552 cpt_services type-cpt_services status-publish has-post-thumbnail hentry cpt_services_group-types-of-transport cpt_services_group-wat-doen-we\">\r\n\t<span class=\"sc_services_item_number\">05<\/span>\t\r\n\t<div class=\"sc_services_item_info\">\r\n\t\t<div class=\"sc_services_item_header\">\r\n\t\t\t<h4 class=\"sc_services_item_title\"><a href=\"https:\/\/marana.be\/fr\/services\/transport-ad-hoc\/\">Transport AD hoc<\/a><\/h4>\r\n\t\t\t<div class=\"sc_services_item_subtitle\"><a href=\"https:\/\/marana.be\/services_group\/types-of-transport\/\" title=\"View all posts in Types of transport\">Types of transport, <\/a><a href=\"https:\/\/marana.be\/services_group\/wat-doen-we\/\" title=\"View all posts in Wat doen we\">Wat doen we<\/a><\/div>\r\n\t\t<\/div>\r\n\t\t\t\t\t<div class=\"sc_services_item_content\">Un service sp\u00e9cial au sein de notre...<\/div><div class=\"sc_services_item_button sc_item_button\"><a href=\"https:\/\/marana.be\/fr\/services\/transport-ad-hoc\/\" class=\"sc_button sc_button_simple\">Lees meer<\/a><\/div><\/div>\r\n<\/div>\r\n<\/div><div class=\"trx_addons_column-1_2\"><div class=\"sc_services_item no_links with_content with_icon sc_services_item_featured_top with_bg_image trx_addons_inline_875574413 post-3557 cpt_services type-cpt_services status-publish has-post-thumbnail hentry cpt_services_group-types-of-transport cpt_services_group-wat-doen-we\">\r\n\t<span class=\"sc_services_item_number\">06<\/span>\t\r\n\t<div class=\"sc_services_item_info\">\r\n\t\t<div class=\"sc_services_item_header\">\r\n\t\t\t<h4 class=\"sc_services_item_title\"><a href=\"https:\/\/marana.be\/fr\/services\/papier\/\">Papier<\/a><\/h4>\r\n\t\t\t<div class=\"sc_services_item_subtitle\"><a href=\"https:\/\/marana.be\/services_group\/types-of-transport\/\" title=\"View all posts in Types of transport\">Types of transport, <\/a><a href=\"https:\/\/marana.be\/services_group\/wat-doen-we\/\" title=\"View all posts in Wat doen we\">Wat doen we<\/a><\/div>\r\n\t\t<\/div>\r\n\t\t\t\t\t<div class=\"sc_services_item_content\">Qu'il s'agisse de p\u00e2te \u00e0 papier, de...<\/div><div class=\"sc_services_item_button sc_item_button\"><a href=\"https:\/\/marana.be\/fr\/services\/papier\/\" class=\"sc_button sc_button_simple\">Lees meer<\/a><\/div><\/div>\r\n<\/div>\r\n<\/div><div class=\"trx_addons_column-1_2\"><div class=\"sc_services_item no_links with_content with_icon sc_services_item_featured_top with_bg_image trx_addons_inline_1224513925 post-3563 cpt_services type-cpt_services status-publish has-post-thumbnail hentry cpt_services_group-types-of-transport cpt_services_group-wat-doen-we\">\r\n\t<span class=\"sc_services_item_number\">07<\/span>\t\r\n\t<div class=\"sc_services_item_info\">\r\n\t\t<div class=\"sc_services_item_header\">\r\n\t\t\t<h4 class=\"sc_services_item_title\"><a href=\"https:\/\/marana.be\/fr\/services\/industrie-chimique\/\">Industrie Chimique<\/a><\/h4>\r\n\t\t\t<div class=\"sc_services_item_subtitle\"><a href=\"https:\/\/marana.be\/services_group\/types-of-transport\/\" title=\"View all posts in Types of transport\">Types of transport, <\/a><a href=\"https:\/\/marana.be\/services_group\/wat-doen-we\/\" title=\"View all posts in Wat doen we\">Wat doen we<\/a><\/div>\r\n\t\t<\/div>\r\n\t\t\t\t\t<div class=\"sc_services_item_content\">Des normes de s\u00e9curit\u00e9 \u00e9lev\u00e9es pour votre...<\/div><div class=\"sc_services_item_button sc_item_button\"><a href=\"https:\/\/marana.be\/fr\/services\/industrie-chimique\/\" class=\"sc_button sc_button_simple\">Lees meer<\/a><\/div><\/div>\r\n<\/div>\r\n<\/div><\/div><\/div><!-- \/.sc_services -->\t\t\t\t<\/div>\n\t\t\t\t<\/div>\n\t\t\t\t\t<\/div>\n\t\t<\/div>\n\t\t\t\t\t<\/div>\n\t\t<\/section>\n\t\t\t\t<\/div>\n\t\t","protected":false},"excerpt":{"rendered":"<p>01 Chemische industrie Types of transport, Wat doen we Hoge veiligheidsnormen voor uw transportVanzelfsprekend hecht je&#8230;Lees meer 02 Papier Types of transport, Wat doen we Ben je op zoek naar een betrouwbare&#8230;Lees meer 03 AD hoc transport Types&hellip;<\/p>\n","protected":false},"author":1,"featured_media":0,"parent":0,"menu_order":0,"comment_status":"closed","ping_status":"closed","template":"","meta":{"footnotes":""},"class_list":["post-3510","page","type-page","status-publish","hentry"],"_links":{"self":[{"href":"https:\/\/marana.be\/fr\/wp-json\/wp\/v2\/pages\/3510","targetHints":{"allow":["GET"]}}],"collection":[{"href":"https:\/\/marana.be\/fr\/wp-json\/wp\/v2\/pages"}],"about":[{"href":"https:\/\/marana.be\/fr\/wp-json\/wp\/v2\/types\/page"}],"author":[{"embeddable":true,"href":"https:\/\/marana.be\/fr\/wp-json\/wp\/v2\/users\/1"}],"replies":[{"embeddable":true,"href":"https:\/\/marana.be\/fr\/wp-json\/wp\/v2\/comments?post=3510"}],"version-history":[{"count":1,"href":"https:\/\/marana.be\/fr\/wp-json\/wp\/v2\/pages\/3510\/revisions"}],"predecessor-version":[{"id":3512,"href":"https:\/\/marana.be\/fr\/wp-json\/wp\/v2\/pages\/3510\/revisions\/3512"}],"wp:attachment":[{"href":"https:\/\/marana.be\/fr\/wp-json\/wp\/v2\/media?parent=3510"}],"curies":[{"name":"wp","href":"https:\/\/api.w.org\/{rel}","templated":true}]}}