{"id":3578,"date":"2018-03-07T13:30:14","date_gmt":"2018-03-07T12:30:14","guid":{"rendered":"https:\/\/marana.be\/offerte\/"},"modified":"2019-05-23T12:23:56","modified_gmt":"2019-05-23T10:23:56","slug":"offre","status":"publish","type":"page","link":"https:\/\/marana.be\/fr\/offre\/","title":{"rendered":"offre"},"content":{"rendered":"\t\t<div data-elementor-type=\"wp-post\" data-elementor-id=\"3578\" class=\"elementor elementor-3578\">\n\t\t\t\t\t\t<section class=\"elementor-section elementor-top-section elementor-element elementor-element-2dab081 elementor-section-boxed elementor-section-height-default elementor-section-height-default\" data-id=\"2dab081\" data-element_type=\"section\" data-e-type=\"section\">\n\t\t\t\t\t\t<div class=\"elementor-container elementor-column-gap-extended\">\n\t\t\t\t\t<div class=\"elementor-column elementor-col-100 elementor-top-column elementor-element elementor-element-e87aed4 sc_layouts_column_icons_position_left\" data-id=\"e87aed4\" data-element_type=\"column\" data-e-type=\"column\">\n\t\t\t<div class=\"elementor-widget-wrap elementor-element-populated\">\n\t\t\t\t\t\t<div class=\"elementor-element elementor-element-6cb5095 elementor-widget elementor-widget-trx_sc_title\" data-id=\"6cb5095\" data-element_type=\"widget\" data-e-type=\"widget\" data-widget_type=\"trx_sc_title.default\">\n\t\t\t\t<div class=\"elementor-widget-container\">\n\t\t\t\t\t<div id=\"trx_sc_title_417386791\"\r\n\t\tclass=\"sc_title color_style_default sc_title_default with_border\">\r\n<div class=\"sc_title_container  sc_align_center title_style_default with_border\">\r\n<h6 class=\"sc_item_subtitle sc_title_subtitle sc_align_center sc_item_title_style_default with_border\">DEMANDER<\/h6><h2 class=\"sc_item_title sc_title_title sc_align_center sc_item_title_style_default with_border\"> VOTRE PROPOSITION<\/h2><\/div>\r\n\r\n<div class=\"sc_item_descr sc_title_descr sc_align_center\"><p>Demander un devis gratuit pour votre transport.<\/p>\n<\/div><\/div><!-- \/.sc_title -->\t\t\t\t<\/div>\n\t\t\t\t<\/div>\n\t\t\t\t<div class=\"elementor-element elementor-element-db287e3 elementor-widget elementor-widget-spacer\" data-id=\"db287e3\" data-element_type=\"widget\" data-e-type=\"widget\" data-widget_type=\"spacer.default\">\n\t\t\t\t<div class=\"elementor-widget-container\">\n\t\t\t\t\t\t\t<div class=\"elementor-spacer\">\n\t\t\t<div class=\"elementor-spacer-inner\"><\/div>\n\t\t<\/div>\n\t\t\t\t\t\t<\/div>\n\t\t\t\t<\/div>\n\t\t\t\t\t<\/div>\n\t\t<\/div>\n\t\t\t\t\t<\/div>\n\t\t<\/section>\n\t\t\t\t<section class=\"elementor-section elementor-top-section elementor-element elementor-element-e34cbff elementor-section-boxed elementor-section-height-default elementor-section-height-default\" data-id=\"e34cbff\" data-element_type=\"section\" data-e-type=\"section\">\n\t\t\t\t\t\t<div class=\"elementor-container elementor-column-gap-extended\">\n\t\t\t\t\t<div class=\"elementor-column elementor-col-100 elementor-top-column elementor-element elementor-element-d480113 sc_layouts_column_icons_position_left\" data-id=\"d480113\" data-element_type=\"column\" data-e-type=\"column\">\n\t\t\t<div class=\"elementor-widget-wrap elementor-element-populated\">\n\t\t\t\t\t\t<div class=\"elementor-element elementor-element-611312a elementor-widget elementor-widget-shortcode\" data-id=\"611312a\" data-element_type=\"widget\" data-e-type=\"widget\" data-widget_type=\"shortcode.default\">\n\t\t\t\t<div class=\"elementor-widget-container\">\n\t\t\t\t\t\t\t<div class=\"elementor-shortcode\">\n<div class=\"wpcf7 no-js\" id=\"wpcf7-f3576-o1\" lang=\"nl-NL\" dir=\"ltr\" data-wpcf7-id=\"3576\">\n<div class=\"screen-reader-response\"><p role=\"status\" aria-live=\"polite\" aria-atomic=\"true\"><\/p> <ul><\/ul><\/div>\n<form action=\"\/fr\/wp-json\/wp\/v2\/pages\/3578#wpcf7-f3576-o1\" method=\"post\" class=\"wpcf7-form init\" aria-label=\"Contactformulier\" novalidate=\"novalidate\" data-status=\"init\">\n<fieldset class=\"hidden-fields-container\"><input type=\"hidden\" name=\"_wpcf7\" value=\"3576\" \/><input type=\"hidden\" name=\"_wpcf7_version\" value=\"6.1.5\" \/><input type=\"hidden\" name=\"_wpcf7_locale\" value=\"nl_NL\" \/><input type=\"hidden\" name=\"_wpcf7_unit_tag\" value=\"wpcf7-f3576-o1\" \/><input type=\"hidden\" name=\"_wpcf7_container_post\" value=\"0\" \/><input type=\"hidden\" name=\"_wpcf7_posted_data_hash\" value=\"\" \/><input type=\"hidden\" name=\"_wpcf7_recaptcha_response\" value=\"\" \/>\n<\/fieldset>\n<div class=\"col_container\">\n\t<p class=\"col_1-2\"><br \/>\n<span class=\"wpcf7-form-control-wrap\" data-name=\"bedrijfsnaam\"><input size=\"40\" maxlength=\"400\" class=\"wpcf7-form-control wpcf7-text wpcf7-validates-as-required\" aria-required=\"true\" aria-invalid=\"false\" placeholder=\"Nom de l&#039;entreprise\" value=\"\" type=\"text\" name=\"bedrijfsnaam\" \/><\/span>\n\t<\/p>\n\t<p class=\"col_1-2\"><br \/>\n<span class=\"wpcf7-form-control-wrap\" data-name=\"voornaam\"><input size=\"40\" maxlength=\"400\" class=\"wpcf7-form-control wpcf7-text wpcf7-validates-as-required\" aria-required=\"true\" aria-invalid=\"false\" placeholder=\"Pr\u00e9nom\" value=\"\" type=\"text\" name=\"voornaam\" \/><\/span>\n\t<\/p>\n\t<p class=\"col_1-2\"><br \/>\n<span class=\"wpcf7-form-control-wrap\" data-name=\"naam\"><input size=\"40\" maxlength=\"400\" class=\"wpcf7-form-control wpcf7-text wpcf7-validates-as-required\" aria-required=\"true\" aria-invalid=\"false\" placeholder=\"Nom\" value=\"\" type=\"text\" name=\"naam\" \/><\/span>\n\t<\/p>\n\t<p class=\"col_1-2\"><br \/>\n<span class=\"wpcf7-form-control-wrap\" data-name=\"tel-579\"><input size=\"40\" maxlength=\"400\" class=\"wpcf7-form-control wpcf7-tel wpcf7-validates-as-required wpcf7-text wpcf7-validates-as-tel\" aria-required=\"true\" aria-invalid=\"false\" placeholder=\"T\u00e9l\u00e9phone\" value=\"\" type=\"tel\" name=\"tel-579\" \/><\/span>\n\t<\/p>\n\t<p class=\"col_1-1\"><br \/>\n<span class=\"wpcf7-form-control-wrap\" data-name=\"your_email\"><input size=\"40\" maxlength=\"400\" class=\"wpcf7-form-control wpcf7-email wpcf7-validates-as-required wpcf7-text wpcf7-validates-as-email\" aria-required=\"true\" aria-invalid=\"false\" placeholder=\"E-mail\" value=\"\" type=\"email\" name=\"your_email\" \/><\/span>\n\t<\/p>\n\t<p class=\"col_1-2\"><br \/>\n<span class=\"wpcf7-form-control-wrap\" data-name=\"laadplaats\"><input size=\"40\" maxlength=\"400\" class=\"wpcf7-form-control wpcf7-text wpcf7-validates-as-required\" aria-required=\"true\" aria-invalid=\"false\" placeholder=\"Lieu de chargement\" value=\"\" type=\"text\" name=\"laadplaats\" \/><\/span>\n\t<\/p>\n\t<p class=\"col_1-2\"><br \/>\n<span class=\"wpcf7-form-control-wrap\" data-name=\"losplaats\"><input size=\"40\" maxlength=\"400\" class=\"wpcf7-form-control wpcf7-text wpcf7-validates-as-required\" aria-required=\"true\" aria-invalid=\"false\" placeholder=\"Lieu de d\u00e9chargement\" value=\"\" type=\"text\" name=\"losplaats\" \/><\/span>\n\t<\/p>\n\t<p class=\"col_1-2\"><br \/>\n<span class=\"wpcf7-form-control-wrap\" data-name=\"soort_lading\"><input size=\"40\" maxlength=\"400\" class=\"wpcf7-form-control wpcf7-text wpcf7-validates-as-required\" aria-required=\"true\" aria-invalid=\"false\" placeholder=\"Type de charge\" value=\"\" type=\"text\" name=\"soort_lading\" \/><\/span>\n\t<\/p>\n\t<p class=\"col_1-2\"><br \/>\n<span class=\"wpcf7-form-control-wrap\" data-name=\"gewicht_lading\"><input size=\"40\" maxlength=\"400\" class=\"wpcf7-form-control wpcf7-text wpcf7-validates-as-required\" aria-required=\"true\" aria-invalid=\"false\" placeholder=\"Poids de la charge\" value=\"\" type=\"text\" name=\"gewicht_lading\" \/><\/span>\n\t<\/p>\n\t<p class=\"col_1-2\"><br \/>\nLaaddatum: <span class=\"wpcf7-form-control-wrap\" data-name=\"Date\"><input class=\"wpcf7-form-control wpcf7-date wpcf7-validates-as-required wpcf7-validates-as-date\" aria-required=\"true\" aria-invalid=\"false\" value=\"dd\/mm\/yyyy\" type=\"date\" name=\"Date\" \/><\/span>\n\t<\/p>\n\t<p class=\"col_1-2\"><br \/>\nLosdatum: [date* date de d\u00e9chargement \"dd\/mm\/yyyy\"]\n\t<\/p>\n\t<p class=\"col_1-1\"><br \/>\nADR: <span class=\"wpcf7-form-control-wrap\" data-name=\"ADR\"><select class=\"wpcf7-form-control wpcf7-select wpcf7-validates-as-required\" aria-required=\"true\" aria-invalid=\"false\" name=\"ADR\"><option value=\"-\">-<\/option><option value=\"Oui\">Oui<\/option><option value=\"Non\">Non<\/option><\/select><\/span>\n\t<\/p>\n\t<p class=\"col_1-1\"><br \/>\n<span class=\"wpcf7-form-control-wrap\" data-name=\"opmerkingen\"><textarea cols=\"40\" rows=\"10\" maxlength=\"2000\" class=\"wpcf7-form-control wpcf7-textarea\" aria-invalid=\"false\" placeholder=\"Remarques\" name=\"opmerkingen\"><\/textarea><\/span>\n\t<\/p>\n\t<p class=\"col_1-1\" style=\"color:#000000\"><br \/>\n<span class=\"wpcf7-form-control-wrap\" data-name=\"acceptance-912\"><span class=\"wpcf7-form-control wpcf7-acceptance\"><span class=\"wpcf7-list-item\"><label><input type=\"checkbox\" name=\"acceptance-912\" value=\"1\" aria-invalid=\"false\" \/><span class=\"wpcf7-list-item-label\">Je conviens que les donn\u00e9es que je soumets seront collect\u00e9es et stock\u00e9es.<\/span><\/label><\/span><\/span><\/span>\n\t<\/p>\n\t<p class=\"col_1-1 form_button_style_2\"><br \/>\n<input class=\"wpcf7-form-control wpcf7-submit has-spinner\" type=\"submit\" value=\"ENVOYER\" \/>\n\t<\/p>\n<\/div><div class=\"wpcf7-response-output\" aria-hidden=\"true\"><\/div>\n<\/form>\n<\/div>\n<\/div>\n\t\t\t\t\t\t<\/div>\n\t\t\t\t<\/div>\n\t\t\t\t\t<\/div>\n\t\t<\/div>\n\t\t\t\t\t<\/div>\n\t\t<\/section>\n\t\t\t\t<\/div>\n\t\t","protected":false},"excerpt":{"rendered":"<p>DEMANDER VOTRE PROPOSITION Demander un devis gratuit pour votre transport.<\/p>\n","protected":false},"author":1,"featured_media":0,"parent":0,"menu_order":0,"comment_status":"closed","ping_status":"closed","template":"","meta":{"footnotes":""},"class_list":["post-3578","page","type-page","status-publish","hentry"],"_links":{"self":[{"href":"https:\/\/marana.be\/fr\/wp-json\/wp\/v2\/pages\/3578","targetHints":{"allow":["GET"]}}],"collection":[{"href":"https:\/\/marana.be\/fr\/wp-json\/wp\/v2\/pages"}],"about":[{"href":"https:\/\/marana.be\/fr\/wp-json\/wp\/v2\/types\/page"}],"author":[{"embeddable":true,"href":"https:\/\/marana.be\/fr\/wp-json\/wp\/v2\/users\/1"}],"replies":[{"embeddable":true,"href":"https:\/\/marana.be\/fr\/wp-json\/wp\/v2\/comments?post=3578"}],"version-history":[{"count":3,"href":"https:\/\/marana.be\/fr\/wp-json\/wp\/v2\/pages\/3578\/revisions"}],"predecessor-version":[{"id":3582,"href":"https:\/\/marana.be\/fr\/wp-json\/wp\/v2\/pages\/3578\/revisions\/3582"}],"wp:attachment":[{"href":"https:\/\/marana.be\/fr\/wp-json\/wp\/v2\/media?parent=3578"}],"curies":[{"name":"wp","href":"https:\/\/api.w.org\/{rel}","templated":true}]}}